{"id":19519,"date":"2024-08-18T08:19:50","date_gmt":"2024-08-18T08:19:50","guid":{"rendered":"https:\/\/vizualrodeo.si\/?page_id=19519"},"modified":"2024-08-18T16:00:52","modified_gmt":"2024-08-18T16:00:52","slug":"splosni-pogoji","status":"publish","type":"page","link":"https:\/\/vizualrodeo.si\/?page_id=19519","title":{"rendered":"Splo\u0161ni pogoji"},"content":{"rendered":"\t\t<div data-elementor-type=\"wp-page\" data-elementor-id=\"19519\" class=\"elementor elementor-19519\">\n\t\t\t\t<div class=\"elementor-element elementor-element-2f0005d e-flex e-con-boxed e-con e-parent\" data-id=\"2f0005d\" data-element_type=\"container\" data-settings=\"{&quot;jet_parallax_layout_list&quot;:[]}\">\n\t\t\t\t\t<div class=\"e-con-inner\">\n\t\t\t\t<div class=\"elementor-element elementor-element-5165bfc0 elementor-widget elementor-widget-text-editor\" data-id=\"5165bfc0\" data-element_type=\"widget\" data-widget_type=\"text-editor.default\">\n\t\t\t\t<div class=\"elementor-widget-container\">\n\t\t\t<style>\/*! elementor - v3.22.0 - 26-06-2024 *\/\n.elementor-widget-text-editor.elementor-drop-cap-view-stacked .elementor-drop-cap{background-color:#69727d;color:#fff}.elementor-widget-text-editor.elementor-drop-cap-view-framed .elementor-drop-cap{color:#69727d;border:3px solid;background-color:transparent}.elementor-widget-text-editor:not(.elementor-drop-cap-view-default) .elementor-drop-cap{margin-top:8px}.elementor-widget-text-editor:not(.elementor-drop-cap-view-default) .elementor-drop-cap-letter{width:1em;height:1em}.elementor-widget-text-editor .elementor-drop-cap{float:left;text-align:center;line-height:1;font-size:50px}.elementor-widget-text-editor .elementor-drop-cap-letter{display:inline-block}<\/style>\t\t\t\t<h3>Pravila in pogoji<\/h3><p>Podjetje Vizual rodeo d.o.o. uporablja svoje spletne strani (vizualrodeo.si) za namene promocije in ogla\u0161evanja, zato so vsa besedila informativnega zna\u010daja. Kljub trudu, da so vsi podatki na strani to\u010dni in zanesljivi, podjetje Vizual rodeo d.o.o. oz. njegovi zastopniki ne jam\u010dijo in ne prevzemajo nobene odgovornosti za vsebino spletnih strani podjetja. Vsi uporabniki spletnih strani tako vse podatke, ki jih najdejo na spletnih straneh podjetja Vizual rodeo d.o.o., uporabljajo na lastno odgovornost.<\/p><p>Prav tako podjetje Vizual rodeo d.o.o. oz. njegovi zastopniki ne prevzemajo nobene odgovornosti za nedelovanje spletnih strani, za kakr\u0161ne koli te\u017eave glede dostopanja do spletnih strani, za kakr\u0161no koli poslovno ali drugo \u0161kodo oz. neprijetnosti, ki bi bile posledica uporabe podatkov ali drugih vsebin teh spletnih strani, ali pa za neto\u010dnost oz. nepopolnost podatkov na spletnih straneh. Vsa navedena podro\u010dja odgovornosti se poleg osnovnih spletnih strani podjetja Vizual rodeo d.o.o. nana\u0161ajo tudi na vse podstrani in morebitne povezave na druge spletne strani.<\/p><p>Podjetje Vizual rodeo d.o.o. si pridr\u017euje pravico, da prosto upravlja s svojimi spletnimi stranmi, kar pomeni, da lahko kadar koli in na kakr\u0161en koli na\u010din ter brez vnaprej\u0161njega opozorila spremeni, doda ali odstrani poljubno vsebino na svojih spletnih straneh. Vsi uporabniki spletnih strani vizualrodeo.si namre\u010d vse objavljene podatke in vsebine uporabljajo na lastno odgovornost.<\/p><p>Podjetje Vizual rodeo d.o.o. oz. njegovi zastopniki ne prevzemajo nobene odgovornosti za za\u0161\u010dito podatkov na spletnih straneh vizualrodeo.si. Podjetje namre\u010d ne zbira osebnih ali katerih koli drugih podatkov o uporabi teh strani (npr. obiskanost strani). Prav tako podjetje Vizual rodeo d.o.o. ne zbira nobenih podatkov o obiskovalcih spletnih strani vizualrodeo.si. Podjetje Vizual rodeo d.o.o. si prizadeva spo\u0161tovati in varovati zasebnost uporabnikov spletnih strani.<\/p><p>Vse vsebine, ki so objavljene na spletnih straneh vizualrodeo.si, so last podjetja Vizual rodeo d.o.o. in tako tudi predmet avtorske za\u0161\u010dite ali drugih oblik za\u0161\u010dite intelektualne lastnine. Prav tako se vsebin na spletnih straneh vizualrodeo.si brez vnaprej\u0161njega dovoljenja podjetja Vizual rodeo d.o.o. ne sme kakor koli raz\u0161irjati (npr. po\u0161iljati, prepisovati, razmno\u017eevati, poobjavljati) oz. uporabiti v komercialne namene.<\/p>\t\t\t\t\t\t<\/div>\n\t\t\t\t<\/div>\n\t\t\t\t\t<\/div>\n\t\t\t\t<\/div>\n\t\t\t\t<\/div>\n\t\t","protected":false},"excerpt":{"rendered":"<p>Pravila in pogoji Podjetje Vizual rodeo d.o.o. uporablja svoje spletne strani (vizualrodeo.si) za namene promocije in ogla\u0161evanja, zato so vsa besedila informativnega zna\u010daja. Kljub trudu, da so vsi podatki na strani to\u010dni in zanesljivi, podjetje Vizual rodeo d.o.o. oz. njegovi zastopniki ne jam\u010dijo in ne prevzemajo nobene odgovornosti za vsebino spletnih strani podjetja. Vsi uporabniki [&hellip;]<\/p>\n","protected":false},"author":1,"featured_media":0,"parent":0,"menu_order":0,"comment_status":"closed","ping_status":"closed","template":"","meta":{"_monsterinsights_skip_tracking":false,"_monsterinsights_sitenote_active":false,"_monsterinsights_sitenote_note":"","_monsterinsights_sitenote_category":0,"footnotes":""},"class_list":["post-19519","page","type-page","status-publish","hentry"],"yoast_head":"<!-- This site is optimized with the Yoast SEO plugin v23.0 - https:\/\/yoast.com\/wordpress\/plugins\/seo\/ -->\n<title>Splo\u0161ni pogoji - Vizual rodeo<\/title>\n<meta name=\"robots\" content=\"index, follow, max-snippet:-1, max-image-preview:large, max-video-preview:-1\" \/>\n<link rel=\"canonical\" href=\"https:\/\/vizualrodeo.si\/?page_id=19519\" \/>\n<meta property=\"og:locale\" content=\"en_US\" \/>\n<meta property=\"og:type\" content=\"article\" \/>\n<meta property=\"og:title\" content=\"Splo\u0161ni pogoji - Vizual rodeo\" \/>\n<meta property=\"og:description\" content=\"Pravila in pogoji Podjetje Vizual rodeo d.o.o. uporablja svoje spletne strani (vizualrodeo.si) za namene promocije in ogla\u0161evanja, zato so vsa besedila informativnega zna\u010daja. Kljub trudu, da so vsi podatki na strani to\u010dni in zanesljivi, podjetje Vizual rodeo d.o.o. oz. njegovi zastopniki ne jam\u010dijo in ne prevzemajo nobene odgovornosti za vsebino spletnih strani podjetja. Vsi uporabniki [&hellip;]\" \/>\n<meta property=\"og:url\" content=\"https:\/\/vizualrodeo.si\/?page_id=19519\" \/>\n<meta property=\"og:site_name\" content=\"Vizual rodeo\" \/>\n<meta property=\"article:modified_time\" content=\"2024-08-18T16:00:52+00:00\" \/>\n<meta name=\"twitter:card\" content=\"summary_large_image\" \/>\n<meta name=\"twitter:label1\" content=\"Est. reading time\" \/>\n\t<meta name=\"twitter:data1\" content=\"2 minutes\" \/>\n<script type=\"application\/ld+json\" class=\"yoast-schema-graph\">{\"@context\":\"https:\/\/schema.org\",\"@graph\":[{\"@type\":\"WebPage\",\"@id\":\"https:\/\/vizualrodeo.si\/?page_id=19519\",\"url\":\"https:\/\/vizualrodeo.si\/?page_id=19519\",\"name\":\"Splo\u0161ni pogoji - Vizual rodeo\",\"isPartOf\":{\"@id\":\"https:\/\/vizualrodeo.si\/#website\"},\"datePublished\":\"2024-08-18T08:19:50+00:00\",\"dateModified\":\"2024-08-18T16:00:52+00:00\",\"breadcrumb\":{\"@id\":\"https:\/\/vizualrodeo.si\/?page_id=19519#breadcrumb\"},\"inLanguage\":\"en-US\",\"potentialAction\":[{\"@type\":\"ReadAction\",\"target\":[\"https:\/\/vizualrodeo.si\/?page_id=19519\"]}]},{\"@type\":\"BreadcrumbList\",\"@id\":\"https:\/\/vizualrodeo.si\/?page_id=19519#breadcrumb\",\"itemListElement\":[{\"@type\":\"ListItem\",\"position\":1,\"name\":\"Home\",\"item\":\"https:\/\/vizualrodeo.si\/\"},{\"@type\":\"ListItem\",\"position\":2,\"name\":\"Splo\u0161ni pogoji\"}]},{\"@type\":\"WebSite\",\"@id\":\"https:\/\/vizualrodeo.si\/#website\",\"url\":\"https:\/\/vizualrodeo.si\/\",\"name\":\"Vizual rodeo\",\"description\":\"Just another WordPress site\",\"publisher\":{\"@id\":\"https:\/\/vizualrodeo.si\/#organization\"},\"potentialAction\":[{\"@type\":\"SearchAction\",\"target\":{\"@type\":\"EntryPoint\",\"urlTemplate\":\"https:\/\/vizualrodeo.si\/?s={search_term_string}\"},\"query-input\":\"required name=search_term_string\"}],\"inLanguage\":\"en-US\"},{\"@type\":\"Organization\",\"@id\":\"https:\/\/vizualrodeo.si\/#organization\",\"name\":\"Vizual rodeo\",\"url\":\"https:\/\/vizualrodeo.si\/\",\"logo\":{\"@type\":\"ImageObject\",\"inLanguage\":\"en-US\",\"@id\":\"https:\/\/vizualrodeo.si\/#\/schema\/logo\/image\/\",\"url\":\"https:\/\/vizualrodeo.si\/wp-content\/uploads\/2024\/07\/Vizual-rodeo-logo.svg\",\"contentUrl\":\"https:\/\/vizualrodeo.si\/wp-content\/uploads\/2024\/07\/Vizual-rodeo-logo.svg\",\"width\":300,\"height\":300,\"caption\":\"Vizual rodeo\"},\"image\":{\"@id\":\"https:\/\/vizualrodeo.si\/#\/schema\/logo\/image\/\"}}]}<\/script>\n<!-- \/ Yoast SEO plugin. -->","yoast_head_json":{"title":"Splo\u0161ni pogoji - Vizual rodeo","robots":{"index":"index","follow":"follow","max-snippet":"max-snippet:-1","max-image-preview":"max-image-preview:large","max-video-preview":"max-video-preview:-1"},"canonical":"https:\/\/vizualrodeo.si\/?page_id=19519","og_locale":"en_US","og_type":"article","og_title":"Splo\u0161ni pogoji - Vizual rodeo","og_description":"Pravila in pogoji Podjetje Vizual rodeo d.o.o. uporablja svoje spletne strani (vizualrodeo.si) za namene promocije in ogla\u0161evanja, zato so vsa besedila informativnega zna\u010daja. Kljub trudu, da so vsi podatki na strani to\u010dni in zanesljivi, podjetje Vizual rodeo d.o.o. oz. njegovi zastopniki ne jam\u010dijo in ne prevzemajo nobene odgovornosti za vsebino spletnih strani podjetja. Vsi uporabniki [&hellip;]","og_url":"https:\/\/vizualrodeo.si\/?page_id=19519","og_site_name":"Vizual rodeo","article_modified_time":"2024-08-18T16:00:52+00:00","twitter_card":"summary_large_image","twitter_misc":{"Est. reading time":"2 minutes"},"schema":{"@context":"https:\/\/schema.org","@graph":[{"@type":"WebPage","@id":"https:\/\/vizualrodeo.si\/?page_id=19519","url":"https:\/\/vizualrodeo.si\/?page_id=19519","name":"Splo\u0161ni pogoji - Vizual rodeo","isPartOf":{"@id":"https:\/\/vizualrodeo.si\/#website"},"datePublished":"2024-08-18T08:19:50+00:00","dateModified":"2024-08-18T16:00:52+00:00","breadcrumb":{"@id":"https:\/\/vizualrodeo.si\/?page_id=19519#breadcrumb"},"inLanguage":"en-US","potentialAction":[{"@type":"ReadAction","target":["https:\/\/vizualrodeo.si\/?page_id=19519"]}]},{"@type":"BreadcrumbList","@id":"https:\/\/vizualrodeo.si\/?page_id=19519#breadcrumb","itemListElement":[{"@type":"ListItem","position":1,"name":"Home","item":"https:\/\/vizualrodeo.si\/"},{"@type":"ListItem","position":2,"name":"Splo\u0161ni pogoji"}]},{"@type":"WebSite","@id":"https:\/\/vizualrodeo.si\/#website","url":"https:\/\/vizualrodeo.si\/","name":"Vizual rodeo","description":"Just another WordPress site","publisher":{"@id":"https:\/\/vizualrodeo.si\/#organization"},"potentialAction":[{"@type":"SearchAction","target":{"@type":"EntryPoint","urlTemplate":"https:\/\/vizualrodeo.si\/?s={search_term_string}"},"query-input":"required name=search_term_string"}],"inLanguage":"en-US"},{"@type":"Organization","@id":"https:\/\/vizualrodeo.si\/#organization","name":"Vizual rodeo","url":"https:\/\/vizualrodeo.si\/","logo":{"@type":"ImageObject","inLanguage":"en-US","@id":"https:\/\/vizualrodeo.si\/#\/schema\/logo\/image\/","url":"https:\/\/vizualrodeo.si\/wp-content\/uploads\/2024\/07\/Vizual-rodeo-logo.svg","contentUrl":"https:\/\/vizualrodeo.si\/wp-content\/uploads\/2024\/07\/Vizual-rodeo-logo.svg","width":300,"height":300,"caption":"Vizual rodeo"},"image":{"@id":"https:\/\/vizualrodeo.si\/#\/schema\/logo\/image\/"}}]}},"_links":{"self":[{"href":"https:\/\/vizualrodeo.si\/index.php?rest_route=\/wp\/v2\/pages\/19519","targetHints":{"allow":["GET"]}}],"collection":[{"href":"https:\/\/vizualrodeo.si\/index.php?rest_route=\/wp\/v2\/pages"}],"about":[{"href":"https:\/\/vizualrodeo.si\/index.php?rest_route=\/wp\/v2\/types\/page"}],"author":[{"embeddable":true,"href":"https:\/\/vizualrodeo.si\/index.php?rest_route=\/wp\/v2\/users\/1"}],"replies":[{"embeddable":true,"href":"https:\/\/vizualrodeo.si\/index.php?rest_route=%2Fwp%2Fv2%2Fcomments&post=19519"}],"version-history":[{"count":23,"href":"https:\/\/vizualrodeo.si\/index.php?rest_route=\/wp\/v2\/pages\/19519\/revisions"}],"predecessor-version":[{"id":19685,"href":"https:\/\/vizualrodeo.si\/index.php?rest_route=\/wp\/v2\/pages\/19519\/revisions\/19685"}],"wp:attachment":[{"href":"https:\/\/vizualrodeo.si\/index.php?rest_route=%2Fwp%2Fv2%2Fmedia&parent=19519"}],"curies":[{"name":"wp","href":"https:\/\/api.w.org\/{rel}","templated":true}]}}