{"id":19862,"date":"2024-09-03T20:43:48","date_gmt":"2024-09-03T20:43:48","guid":{"rendered":"https:\/\/vizualrodeo.si\/?page_id=19862"},"modified":"2024-09-24T11:46:30","modified_gmt":"2024-09-24T11:46:30","slug":"digitalni-marketing","status":"publish","type":"page","link":"https:\/\/vizualrodeo.si\/?page_id=19862","title":{"rendered":"VR Digitalni marketing"},"content":{"rendered":"\t\t<div data-elementor-type=\"wp-page\" data-elementor-id=\"19862\" class=\"elementor elementor-19862\">\n\t\t\t\t<div class=\"elementor-element elementor-element-89a3ebf e-flex e-con-boxed e-con e-parent\" data-id=\"89a3ebf\" data-element_type=\"container\" data-settings=\"{&quot;jet_parallax_layout_list&quot;:[]}\">\n\t\t\t\t\t<div class=\"e-con-inner\">\n\t\t\t\t<div class=\"elementor-element elementor-element-6918e15 elementor-widget elementor-widget-text-editor\" data-id=\"6918e15\" data-element_type=\"widget\" data-widget_type=\"text-editor.default\">\n\t\t\t\t<div class=\"elementor-widget-container\">\n\t\t\t<style>\/*! elementor - v3.22.0 - 26-06-2024 *\/\n.elementor-widget-text-editor.elementor-drop-cap-view-stacked .elementor-drop-cap{background-color:#69727d;color:#fff}.elementor-widget-text-editor.elementor-drop-cap-view-framed .elementor-drop-cap{color:#69727d;border:3px solid;background-color:transparent}.elementor-widget-text-editor:not(.elementor-drop-cap-view-default) .elementor-drop-cap{margin-top:8px}.elementor-widget-text-editor:not(.elementor-drop-cap-view-default) .elementor-drop-cap-letter{width:1em;height:1em}.elementor-widget-text-editor .elementor-drop-cap{float:left;text-align:center;line-height:1;font-size:50px}.elementor-widget-text-editor .elementor-drop-cap-letter{display:inline-block}<\/style>\t\t\t\t<h3>Digitalni marketing je osnovno orodje za pove\u010danje konverzije, kar je klju\u010dno za pre\u017eivetje podjetij na tako nasi\u010denem trgu, kot je digitalno okolje.<\/h3>\t\t\t\t\t\t<\/div>\n\t\t\t\t<\/div>\n\t\t\t\t\t<\/div>\n\t\t\t\t<\/div>\n\t\t<div class=\"elementor-element elementor-element-205b55a e-grid e-con-boxed e-con e-parent\" data-id=\"205b55a\" data-element_type=\"container\" data-settings=\"{&quot;jet_parallax_layout_list&quot;:[]}\">\n\t\t\t\t\t<div class=\"e-con-inner\">\n\t\t\t\t<div class=\"elementor-element elementor-element-821f3e6 elementor-widget elementor-widget-image\" data-id=\"821f3e6\" data-element_type=\"widget\" data-widget_type=\"image.default\">\n\t\t\t\t<div class=\"elementor-widget-container\">\n\t\t\t<style>\/*! elementor - v3.22.0 - 26-06-2024 *\/\n.elementor-widget-image{text-align:center}.elementor-widget-image a{display:inline-block}.elementor-widget-image a img[src$=\".svg\"]{width:48px}.elementor-widget-image img{vertical-align:middle;display:inline-block}<\/style>\t\t\t\t\t\t\t\t\t\t<img decoding=\"async\" src=\"https:\/\/vizualrodeo.si\/wp-content\/uploads\/2024\/09\/Optimizacija-konverzij-2.jpg\" title=\"\" alt=\"\" loading=\"lazy\" \/>\t\t\t\t\t\t\t\t\t\t\t\t\t<\/div>\n\t\t\t\t<\/div>\n\t\t\t\t<div class=\"elementor-element elementor-element-903555d elementor-widget elementor-widget-text-editor\" data-id=\"903555d\" data-element_type=\"widget\" data-widget_type=\"text-editor.default\">\n\t\t\t\t<div class=\"elementor-widget-container\">\n\t\t\t\t\t\t\t<h4 style=\"letter-spacing: normal; text-align: start;\">V agenciji Vizual rodeo vam v okviru digitalnega marketinga ponujamo slednje:<\/h4><ul><li><strong>SEO optimizacijo<\/strong> (<em>ang. search engine optimization<\/em>) spletne strani z namenom izbolj\u0161anja prepoznavnosti v spletnem brskalniku Google Chrome;<\/li><li>celostno pomo\u010d pri ogla\u0161evanju v iskalniku Google (<strong>prikazni oglasi<\/strong>: AdWords, Google Display Network, ipd.);<\/li><li>celostno pomo\u010d pri oblikovanju in izvajanju strategij ogla\u0161evanja ter pridobivanja novih potencialnih strank v okviru <strong>socialnih medijev<\/strong> (Facebook, LinkedIn, Instagram, TikTok);<\/li><li>vsebinske predloge za <strong>pove\u010danje konverzije<\/strong> obiskovalcev spletne strani;<\/li><li>spremljanje naprednih <strong>analiti\u010dnih orodij<\/strong> z namenom doseganja zastavljenih KPI (klju\u010dnih kazalnikov uspeha);<\/li><li><strong>email marketing<\/strong> za oblikovanje mailing liste v okviru zastavljenih GDPR zakonskih obveznosti z namenom periodi\u010dnega obve\u0161\u010danja potencialnih kupcev o novostih, popustih, ipd.;<\/li><li>svetovanje na podro\u010dju <strong>URL napotitelja<\/strong> (<em>ang. reffering links<\/em>) kot klju\u010den instrument za dvig prepoznavnosti spletne strani.<\/li><\/ul>\t\t\t\t\t\t<\/div>\n\t\t\t\t<\/div>\n\t\t\t\t\t<\/div>\n\t\t\t\t<\/div>\n\t\t\t\t<\/div>\n\t\t","protected":false},"excerpt":{"rendered":"<p>Digitalni marketing je osnovno orodje za pove\u010danje konverzije, kar je klju\u010dno za pre\u017eivetje podjetij na tako nasi\u010denem trgu, kot je digitalno okolje. V agenciji Vizual rodeo vam v okviru digitalnega marketinga ponujamo slednje: SEO optimizacijo (ang. search engine optimization) spletne strani z namenom izbolj\u0161anja prepoznavnosti v spletnem brskalniku Google Chrome; celostno pomo\u010d pri ogla\u0161evanju v [&hellip;]<\/p>\n","protected":false},"author":1,"featured_media":0,"parent":0,"menu_order":0,"comment_status":"closed","ping_status":"closed","template":"","meta":{"_monsterinsights_skip_tracking":false,"_monsterinsights_sitenote_active":false,"_monsterinsights_sitenote_note":"","_monsterinsights_sitenote_category":0,"footnotes":""},"class_list":["post-19862","page","type-page","status-publish","hentry"],"yoast_head":"<!-- This site is optimized with the Yoast SEO plugin v23.0 - https:\/\/yoast.com\/wordpress\/plugins\/seo\/ -->\n<title>VR Digitalni marketing - Vizual rodeo<\/title>\n<meta name=\"robots\" content=\"index, follow, max-snippet:-1, max-image-preview:large, max-video-preview:-1\" \/>\n<link rel=\"canonical\" href=\"https:\/\/vizualrodeo.si\/?page_id=19862\" \/>\n<meta property=\"og:locale\" content=\"en_US\" \/>\n<meta property=\"og:type\" content=\"article\" \/>\n<meta property=\"og:title\" content=\"VR Digitalni marketing - Vizual rodeo\" \/>\n<meta property=\"og:description\" content=\"Digitalni marketing je osnovno orodje za pove\u010danje konverzije, kar je klju\u010dno za pre\u017eivetje podjetij na tako nasi\u010denem trgu, kot je digitalno okolje. V agenciji Vizual rodeo vam v okviru digitalnega marketinga ponujamo slednje: SEO optimizacijo (ang. search engine optimization) spletne strani z namenom izbolj\u0161anja prepoznavnosti v spletnem brskalniku Google Chrome; celostno pomo\u010d pri ogla\u0161evanju v [&hellip;]\" \/>\n<meta property=\"og:url\" content=\"https:\/\/vizualrodeo.si\/?page_id=19862\" \/>\n<meta property=\"og:site_name\" content=\"Vizual rodeo\" \/>\n<meta property=\"article:modified_time\" content=\"2024-09-24T11:46:30+00:00\" \/>\n<meta property=\"og:image\" content=\"https:\/\/vizualrodeo.si\/wp-content\/uploads\/2024\/09\/Optimizacija-konverzij-2.jpg\" \/>\n<meta name=\"twitter:card\" content=\"summary_large_image\" \/>\n<meta name=\"twitter:label1\" content=\"Est. reading time\" \/>\n\t<meta name=\"twitter:data1\" content=\"1 minute\" \/>\n<script type=\"application\/ld+json\" class=\"yoast-schema-graph\">{\"@context\":\"https:\/\/schema.org\",\"@graph\":[{\"@type\":\"WebPage\",\"@id\":\"https:\/\/vizualrodeo.si\/?page_id=19862\",\"url\":\"https:\/\/vizualrodeo.si\/?page_id=19862\",\"name\":\"VR Digitalni marketing - Vizual rodeo\",\"isPartOf\":{\"@id\":\"https:\/\/vizualrodeo.si\/#website\"},\"primaryImageOfPage\":{\"@id\":\"https:\/\/vizualrodeo.si\/?page_id=19862#primaryimage\"},\"image\":{\"@id\":\"https:\/\/vizualrodeo.si\/?page_id=19862#primaryimage\"},\"thumbnailUrl\":\"https:\/\/vizualrodeo.si\/wp-content\/uploads\/2024\/09\/Optimizacija-konverzij-2.jpg\",\"datePublished\":\"2024-09-03T20:43:48+00:00\",\"dateModified\":\"2024-09-24T11:46:30+00:00\",\"breadcrumb\":{\"@id\":\"https:\/\/vizualrodeo.si\/?page_id=19862#breadcrumb\"},\"inLanguage\":\"en-US\",\"potentialAction\":[{\"@type\":\"ReadAction\",\"target\":[\"https:\/\/vizualrodeo.si\/?page_id=19862\"]}]},{\"@type\":\"ImageObject\",\"inLanguage\":\"en-US\",\"@id\":\"https:\/\/vizualrodeo.si\/?page_id=19862#primaryimage\",\"url\":\"\",\"contentUrl\":\"\"},{\"@type\":\"BreadcrumbList\",\"@id\":\"https:\/\/vizualrodeo.si\/?page_id=19862#breadcrumb\",\"itemListElement\":[{\"@type\":\"ListItem\",\"position\":1,\"name\":\"Home\",\"item\":\"https:\/\/vizualrodeo.si\/\"},{\"@type\":\"ListItem\",\"position\":2,\"name\":\"VR Digitalni marketing\"}]},{\"@type\":\"WebSite\",\"@id\":\"https:\/\/vizualrodeo.si\/#website\",\"url\":\"https:\/\/vizualrodeo.si\/\",\"name\":\"Vizual rodeo\",\"description\":\"Just another WordPress site\",\"publisher\":{\"@id\":\"https:\/\/vizualrodeo.si\/#organization\"},\"potentialAction\":[{\"@type\":\"SearchAction\",\"target\":{\"@type\":\"EntryPoint\",\"urlTemplate\":\"https:\/\/vizualrodeo.si\/?s={search_term_string}\"},\"query-input\":\"required name=search_term_string\"}],\"inLanguage\":\"en-US\"},{\"@type\":\"Organization\",\"@id\":\"https:\/\/vizualrodeo.si\/#organization\",\"name\":\"Vizual rodeo\",\"url\":\"https:\/\/vizualrodeo.si\/\",\"logo\":{\"@type\":\"ImageObject\",\"inLanguage\":\"en-US\",\"@id\":\"https:\/\/vizualrodeo.si\/#\/schema\/logo\/image\/\",\"url\":\"https:\/\/vizualrodeo.si\/wp-content\/uploads\/2024\/07\/Vizual-rodeo-logo.svg\",\"contentUrl\":\"https:\/\/vizualrodeo.si\/wp-content\/uploads\/2024\/07\/Vizual-rodeo-logo.svg\",\"width\":300,\"height\":300,\"caption\":\"Vizual rodeo\"},\"image\":{\"@id\":\"https:\/\/vizualrodeo.si\/#\/schema\/logo\/image\/\"}}]}<\/script>\n<!-- \/ Yoast SEO plugin. -->","yoast_head_json":{"title":"VR Digitalni marketing - Vizual rodeo","robots":{"index":"index","follow":"follow","max-snippet":"max-snippet:-1","max-image-preview":"max-image-preview:large","max-video-preview":"max-video-preview:-1"},"canonical":"https:\/\/vizualrodeo.si\/?page_id=19862","og_locale":"en_US","og_type":"article","og_title":"VR Digitalni marketing - Vizual rodeo","og_description":"Digitalni marketing je osnovno orodje za pove\u010danje konverzije, kar je klju\u010dno za pre\u017eivetje podjetij na tako nasi\u010denem trgu, kot je digitalno okolje. V agenciji Vizual rodeo vam v okviru digitalnega marketinga ponujamo slednje: SEO optimizacijo (ang. search engine optimization) spletne strani z namenom izbolj\u0161anja prepoznavnosti v spletnem brskalniku Google Chrome; celostno pomo\u010d pri ogla\u0161evanju v [&hellip;]","og_url":"https:\/\/vizualrodeo.si\/?page_id=19862","og_site_name":"Vizual rodeo","article_modified_time":"2024-09-24T11:46:30+00:00","og_image":[{"url":"https:\/\/vizualrodeo.si\/wp-content\/uploads\/2024\/09\/Optimizacija-konverzij-2.jpg"}],"twitter_card":"summary_large_image","twitter_misc":{"Est. reading time":"1 minute"},"schema":{"@context":"https:\/\/schema.org","@graph":[{"@type":"WebPage","@id":"https:\/\/vizualrodeo.si\/?page_id=19862","url":"https:\/\/vizualrodeo.si\/?page_id=19862","name":"VR Digitalni marketing - Vizual rodeo","isPartOf":{"@id":"https:\/\/vizualrodeo.si\/#website"},"primaryImageOfPage":{"@id":"https:\/\/vizualrodeo.si\/?page_id=19862#primaryimage"},"image":{"@id":"https:\/\/vizualrodeo.si\/?page_id=19862#primaryimage"},"thumbnailUrl":"https:\/\/vizualrodeo.si\/wp-content\/uploads\/2024\/09\/Optimizacija-konverzij-2.jpg","datePublished":"2024-09-03T20:43:48+00:00","dateModified":"2024-09-24T11:46:30+00:00","breadcrumb":{"@id":"https:\/\/vizualrodeo.si\/?page_id=19862#breadcrumb"},"inLanguage":"en-US","potentialAction":[{"@type":"ReadAction","target":["https:\/\/vizualrodeo.si\/?page_id=19862"]}]},{"@type":"ImageObject","inLanguage":"en-US","@id":"https:\/\/vizualrodeo.si\/?page_id=19862#primaryimage","url":"","contentUrl":""},{"@type":"BreadcrumbList","@id":"https:\/\/vizualrodeo.si\/?page_id=19862#breadcrumb","itemListElement":[{"@type":"ListItem","position":1,"name":"Home","item":"https:\/\/vizualrodeo.si\/"},{"@type":"ListItem","position":2,"name":"VR Digitalni marketing"}]},{"@type":"WebSite","@id":"https:\/\/vizualrodeo.si\/#website","url":"https:\/\/vizualrodeo.si\/","name":"Vizual rodeo","description":"Just another WordPress site","publisher":{"@id":"https:\/\/vizualrodeo.si\/#organization"},"potentialAction":[{"@type":"SearchAction","target":{"@type":"EntryPoint","urlTemplate":"https:\/\/vizualrodeo.si\/?s={search_term_string}"},"query-input":"required name=search_term_string"}],"inLanguage":"en-US"},{"@type":"Organization","@id":"https:\/\/vizualrodeo.si\/#organization","name":"Vizual rodeo","url":"https:\/\/vizualrodeo.si\/","logo":{"@type":"ImageObject","inLanguage":"en-US","@id":"https:\/\/vizualrodeo.si\/#\/schema\/logo\/image\/","url":"https:\/\/vizualrodeo.si\/wp-content\/uploads\/2024\/07\/Vizual-rodeo-logo.svg","contentUrl":"https:\/\/vizualrodeo.si\/wp-content\/uploads\/2024\/07\/Vizual-rodeo-logo.svg","width":300,"height":300,"caption":"Vizual rodeo"},"image":{"@id":"https:\/\/vizualrodeo.si\/#\/schema\/logo\/image\/"}}]}},"_links":{"self":[{"href":"https:\/\/vizualrodeo.si\/index.php?rest_route=\/wp\/v2\/pages\/19862","targetHints":{"allow":["GET"]}}],"collection":[{"href":"https:\/\/vizualrodeo.si\/index.php?rest_route=\/wp\/v2\/pages"}],"about":[{"href":"https:\/\/vizualrodeo.si\/index.php?rest_route=\/wp\/v2\/types\/page"}],"author":[{"embeddable":true,"href":"https:\/\/vizualrodeo.si\/index.php?rest_route=\/wp\/v2\/users\/1"}],"replies":[{"embeddable":true,"href":"https:\/\/vizualrodeo.si\/index.php?rest_route=%2Fwp%2Fv2%2Fcomments&post=19862"}],"version-history":[{"count":87,"href":"https:\/\/vizualrodeo.si\/index.php?rest_route=\/wp\/v2\/pages\/19862\/revisions"}],"predecessor-version":[{"id":20353,"href":"https:\/\/vizualrodeo.si\/index.php?rest_route=\/wp\/v2\/pages\/19862\/revisions\/20353"}],"wp:attachment":[{"href":"https:\/\/vizualrodeo.si\/index.php?rest_route=%2Fwp%2Fv2%2Fmedia&parent=19862"}],"curies":[{"name":"wp","href":"https:\/\/api.w.org\/{rel}","templated":true}]}}